{"id":10979,"date":"2025-04-30T07:22:15","date_gmt":"2025-04-30T07:22:15","guid":{"rendered":"https:\/\/gevara.lt\/motociklu-pervezimas\/"},"modified":"2025-09-10T08:18:35","modified_gmt":"2025-09-10T08:18:35","slug":"motociklu-parvadasana","status":"publish","type":"page","link":"https:\/\/gevara.lt\/lv\/motociklu-parvadasana\/","title":{"rendered":"Motociklu p\u0101rvad\u0101\u0161ana"},"content":{"rendered":"","protected":false},"excerpt":{"rendered":"","protected":false},"author":3,"featured_media":0,"parent":0,"menu_order":0,"comment_status":"closed","ping_status":"closed","template":"template-racing-team.blade.php","meta":{"_acf_changed":false,"inline_featured_image":false,"footnotes":""},"class_list":["post-10979","page","type-page","status-publish","hentry"],"acf":[],"yoast_head":"<!-- This site is optimized with the Yoast SEO plugin v26.9 - https:\/\/yoast.com\/product\/yoast-seo-wordpress\/ -->\n<title>Motocikl\u0173 perve\u017eimas<\/title>\n<meta name=\"description\" content=\"Motocikl\u0173 perve\u017eimas \u012f populiariausias Europos \u0161alis saugiai, greitai, atsakingai tik su transporto pankais.\" \/>\n<meta name=\"robots\" content=\"index, follow, max-snippet:-1, max-image-preview:large, max-video-preview:-1\" \/>\n<link rel=\"canonical\" href=\"https:\/\/gevara.lt\/lv\/motociklu-parvadasana\/\" \/>\n<meta property=\"og:locale\" content=\"lv_LV\" \/>\n<meta property=\"og:type\" content=\"article\" \/>\n<meta property=\"og:title\" content=\"Motocikl\u0173 perve\u017eimas\" \/>\n<meta property=\"og:description\" content=\"Motocikl\u0173 perve\u017eimas \u012f populiariausias Europos \u0161alis saugiai, greitai, atsakingai tik su transporto pankais.\" \/>\n<meta property=\"og:url\" content=\"https:\/\/gevara.lt\/lv\/motociklu-parvadasana\/\" \/>\n<meta property=\"og:site_name\" content=\"GEVARA\" \/>\n<meta property=\"article:modified_time\" content=\"2025-09-10T08:18:35+00:00\" \/>\n<meta name=\"twitter:card\" content=\"summary_large_image\" \/>\n<script type=\"application\/ld+json\" class=\"yoast-schema-graph\">{\"@context\":\"https:\/\/schema.org\",\"@graph\":[{\"@type\":\"WebPage\",\"@id\":\"https:\/\/gevara.lt\/lv\/motociklu-parvadasana\/\",\"url\":\"https:\/\/gevara.lt\/lv\/motociklu-parvadasana\/\",\"name\":\"Motocikl\u0173 perve\u017eimas\",\"isPartOf\":{\"@id\":\"https:\/\/gevara.lt\/#website\"},\"datePublished\":\"2025-04-30T07:22:15+00:00\",\"dateModified\":\"2025-09-10T08:18:35+00:00\",\"description\":\"Motocikl\u0173 perve\u017eimas \u012f populiariausias Europos \u0161alis saugiai, greitai, atsakingai tik su transporto pankais.\",\"breadcrumb\":{\"@id\":\"https:\/\/gevara.lt\/lv\/motociklu-parvadasana\/#breadcrumb\"},\"inLanguage\":\"lv-LV\",\"potentialAction\":[{\"@type\":\"ReadAction\",\"target\":[\"https:\/\/gevara.lt\/lv\/motociklu-parvadasana\/\"]}]},{\"@type\":\"BreadcrumbList\",\"@id\":\"https:\/\/gevara.lt\/lv\/motociklu-parvadasana\/#breadcrumb\",\"itemListElement\":[{\"@type\":\"ListItem\",\"position\":1,\"name\":\"Home\",\"item\":\"https:\/\/gevara.lt\/lv\/\"},{\"@type\":\"ListItem\",\"position\":2,\"name\":\"Motociklu p\u0101rvad\u0101\u0161ana\"}]},{\"@type\":\"WebSite\",\"@id\":\"https:\/\/gevara.lt\/#website\",\"url\":\"https:\/\/gevara.lt\/\",\"name\":\"GEVARA\",\"description\":\"EXPERTS IN GROUPAGE CARGO TRANSPORTATION\",\"potentialAction\":[{\"@type\":\"SearchAction\",\"target\":{\"@type\":\"EntryPoint\",\"urlTemplate\":\"https:\/\/gevara.lt\/?s={search_term_string}\"},\"query-input\":{\"@type\":\"PropertyValueSpecification\",\"valueRequired\":true,\"valueName\":\"search_term_string\"}}],\"inLanguage\":\"lv-LV\"}]}<\/script>\n<!-- \/ Yoast SEO plugin. -->","yoast_head_json":{"title":"Motocikl\u0173 perve\u017eimas","description":"Motocikl\u0173 perve\u017eimas \u012f populiariausias Europos \u0161alis saugiai, greitai, atsakingai tik su transporto pankais.","robots":{"index":"index","follow":"follow","max-snippet":"max-snippet:-1","max-image-preview":"max-image-preview:large","max-video-preview":"max-video-preview:-1"},"canonical":"https:\/\/gevara.lt\/lv\/motociklu-parvadasana\/","og_locale":"lv_LV","og_type":"article","og_title":"Motocikl\u0173 perve\u017eimas","og_description":"Motocikl\u0173 perve\u017eimas \u012f populiariausias Europos \u0161alis saugiai, greitai, atsakingai tik su transporto pankais.","og_url":"https:\/\/gevara.lt\/lv\/motociklu-parvadasana\/","og_site_name":"GEVARA","article_modified_time":"2025-09-10T08:18:35+00:00","twitter_card":"summary_large_image","schema":{"@context":"https:\/\/schema.org","@graph":[{"@type":"WebPage","@id":"https:\/\/gevara.lt\/lv\/motociklu-parvadasana\/","url":"https:\/\/gevara.lt\/lv\/motociklu-parvadasana\/","name":"Motocikl\u0173 perve\u017eimas","isPartOf":{"@id":"https:\/\/gevara.lt\/#website"},"datePublished":"2025-04-30T07:22:15+00:00","dateModified":"2025-09-10T08:18:35+00:00","description":"Motocikl\u0173 perve\u017eimas \u012f populiariausias Europos \u0161alis saugiai, greitai, atsakingai tik su transporto pankais.","breadcrumb":{"@id":"https:\/\/gevara.lt\/lv\/motociklu-parvadasana\/#breadcrumb"},"inLanguage":"lv-LV","potentialAction":[{"@type":"ReadAction","target":["https:\/\/gevara.lt\/lv\/motociklu-parvadasana\/"]}]},{"@type":"BreadcrumbList","@id":"https:\/\/gevara.lt\/lv\/motociklu-parvadasana\/#breadcrumb","itemListElement":[{"@type":"ListItem","position":1,"name":"Home","item":"https:\/\/gevara.lt\/lv\/"},{"@type":"ListItem","position":2,"name":"Motociklu p\u0101rvad\u0101\u0161ana"}]},{"@type":"WebSite","@id":"https:\/\/gevara.lt\/#website","url":"https:\/\/gevara.lt\/","name":"GEVARA","description":"EXPERTS IN GROUPAGE CARGO TRANSPORTATION","potentialAction":[{"@type":"SearchAction","target":{"@type":"EntryPoint","urlTemplate":"https:\/\/gevara.lt\/?s={search_term_string}"},"query-input":{"@type":"PropertyValueSpecification","valueRequired":true,"valueName":"search_term_string"}}],"inLanguage":"lv-LV"}]}},"_links":{"self":[{"href":"https:\/\/gevara.lt\/lv\/wp-json\/wp\/v2\/pages\/10979","targetHints":{"allow":["GET"]}}],"collection":[{"href":"https:\/\/gevara.lt\/lv\/wp-json\/wp\/v2\/pages"}],"about":[{"href":"https:\/\/gevara.lt\/lv\/wp-json\/wp\/v2\/types\/page"}],"author":[{"embeddable":true,"href":"https:\/\/gevara.lt\/lv\/wp-json\/wp\/v2\/users\/3"}],"replies":[{"embeddable":true,"href":"https:\/\/gevara.lt\/lv\/wp-json\/wp\/v2\/comments?post=10979"}],"version-history":[{"count":4,"href":"https:\/\/gevara.lt\/lv\/wp-json\/wp\/v2\/pages\/10979\/revisions"}],"predecessor-version":[{"id":11185,"href":"https:\/\/gevara.lt\/lv\/wp-json\/wp\/v2\/pages\/10979\/revisions\/11185"}],"wp:attachment":[{"href":"https:\/\/gevara.lt\/lv\/wp-json\/wp\/v2\/media?parent=10979"}],"curies":[{"name":"wp","href":"https:\/\/api.w.org\/{rel}","templated":true}]}}