{"id":10920,"date":"2022-07-21T11:23:48","date_gmt":"2022-07-21T11:23:48","guid":{"rendered":"https:\/\/gevara.lt\/darbas-vezejams\/"},"modified":"2025-09-10T08:14:58","modified_gmt":"2025-09-10T08:14:58","slug":"darbs-parvadatajiem","status":"publish","type":"page","link":"https:\/\/gevara.lt\/lv\/darbs-parvadatajiem\/","title":{"rendered":"Darbs p\u0101rvad\u0101t\u0101jiem"},"content":{"rendered":"","protected":false},"excerpt":{"rendered":"","protected":false},"author":6,"featured_media":0,"parent":0,"menu_order":0,"comment_status":"closed","ping_status":"closed","template":"template-work-of-carriers.blade.php","meta":{"_acf_changed":false,"inline_featured_image":false,"footnotes":""},"class_list":["post-10920","page","type-page","status-publish","hentry"],"acf":[],"yoast_head":"<!-- This site is optimized with the Yoast SEO plugin v26.9 - https:\/\/yoast.com\/product\/yoast-seo-wordpress\/ -->\n<title>Darbs p\u0101rvad\u0101t\u0101jiem - Si\u016blome abipusiai nauding\u0105 partneryst\u0119 | GEVARA<\/title>\n<meta name=\"description\" content=\"Si\u016blome darb\u0105 ve\u017e\u0117jams. Galime pasi\u016blyti ne tik krovini\u0173 perve\u017eim\u0105, bet ir tai, ko daugelis kit\u0173 ekspedicini\u0173 \u012fmoni\u0173 pasi\u016blyti negali - ilgalaiki\u0173 krovini\u0173 perve\u017eimo kontrakt\u0173 privalumus su tiesioginiais krovini\u0173 valdytojais. Domina darbas ve\u017e\u0117jams - susisiekime!\" \/>\n<meta name=\"robots\" content=\"index, follow, max-snippet:-1, max-image-preview:large, max-video-preview:-1\" \/>\n<link rel=\"canonical\" href=\"https:\/\/gevara.lt\/lv\/darbs-parvadatajiem\/\" \/>\n<meta property=\"og:locale\" content=\"lv_LV\" \/>\n<meta property=\"og:type\" content=\"article\" \/>\n<meta property=\"og:title\" content=\"Darbs p\u0101rvad\u0101t\u0101jiem - Si\u016blome abipusiai nauding\u0105 partneryst\u0119 | GEVARA\" \/>\n<meta property=\"og:description\" content=\"Si\u016blome darb\u0105 ve\u017e\u0117jams. Galime pasi\u016blyti ne tik krovini\u0173 perve\u017eim\u0105, bet ir tai, ko daugelis kit\u0173 ekspedicini\u0173 \u012fmoni\u0173 pasi\u016blyti negali - ilgalaiki\u0173 krovini\u0173 perve\u017eimo kontrakt\u0173 privalumus su tiesioginiais krovini\u0173 valdytojais. Domina darbas ve\u017e\u0117jams - susisiekime!\" \/>\n<meta property=\"og:url\" content=\"https:\/\/gevara.lt\/lv\/darbs-parvadatajiem\/\" \/>\n<meta property=\"og:site_name\" content=\"GEVARA\" \/>\n<meta property=\"article:modified_time\" content=\"2025-09-10T08:14:58+00:00\" \/>\n<meta name=\"twitter:card\" content=\"summary_large_image\" \/>\n<script type=\"application\/ld+json\" class=\"yoast-schema-graph\">{\"@context\":\"https:\/\/schema.org\",\"@graph\":[{\"@type\":\"WebPage\",\"@id\":\"https:\/\/gevara.lt\/lv\/darbs-parvadatajiem\/\",\"url\":\"https:\/\/gevara.lt\/lv\/darbs-parvadatajiem\/\",\"name\":\"Darbs p\u0101rvad\u0101t\u0101jiem - Si\u016blome abipusiai nauding\u0105 partneryst\u0119 | GEVARA\",\"isPartOf\":{\"@id\":\"https:\/\/gevara.lt\/#website\"},\"datePublished\":\"2022-07-21T11:23:48+00:00\",\"dateModified\":\"2025-09-10T08:14:58+00:00\",\"description\":\"Si\u016blome darb\u0105 ve\u017e\u0117jams. Galime pasi\u016blyti ne tik krovini\u0173 perve\u017eim\u0105, bet ir tai, ko daugelis kit\u0173 ekspedicini\u0173 \u012fmoni\u0173 pasi\u016blyti negali - ilgalaiki\u0173 krovini\u0173 perve\u017eimo kontrakt\u0173 privalumus su tiesioginiais krovini\u0173 valdytojais. Domina darbas ve\u017e\u0117jams - susisiekime!\",\"breadcrumb\":{\"@id\":\"https:\/\/gevara.lt\/lv\/darbs-parvadatajiem\/#breadcrumb\"},\"inLanguage\":\"lv-LV\",\"potentialAction\":[{\"@type\":\"ReadAction\",\"target\":[\"https:\/\/gevara.lt\/lv\/darbs-parvadatajiem\/\"]}]},{\"@type\":\"BreadcrumbList\",\"@id\":\"https:\/\/gevara.lt\/lv\/darbs-parvadatajiem\/#breadcrumb\",\"itemListElement\":[{\"@type\":\"ListItem\",\"position\":1,\"name\":\"Home\",\"item\":\"https:\/\/gevara.lt\/lv\/\"},{\"@type\":\"ListItem\",\"position\":2,\"name\":\"Darbs p\u0101rvad\u0101t\u0101jiem\"}]},{\"@type\":\"WebSite\",\"@id\":\"https:\/\/gevara.lt\/#website\",\"url\":\"https:\/\/gevara.lt\/\",\"name\":\"GEVARA\",\"description\":\"EXPERTS IN GROUPAGE CARGO TRANSPORTATION\",\"potentialAction\":[{\"@type\":\"SearchAction\",\"target\":{\"@type\":\"EntryPoint\",\"urlTemplate\":\"https:\/\/gevara.lt\/?s={search_term_string}\"},\"query-input\":{\"@type\":\"PropertyValueSpecification\",\"valueRequired\":true,\"valueName\":\"search_term_string\"}}],\"inLanguage\":\"lv-LV\"}]}<\/script>\n<!-- \/ Yoast SEO plugin. -->","yoast_head_json":{"title":"Darbs p\u0101rvad\u0101t\u0101jiem - Si\u016blome abipusiai nauding\u0105 partneryst\u0119 | GEVARA","description":"Si\u016blome darb\u0105 ve\u017e\u0117jams. Galime pasi\u016blyti ne tik krovini\u0173 perve\u017eim\u0105, bet ir tai, ko daugelis kit\u0173 ekspedicini\u0173 \u012fmoni\u0173 pasi\u016blyti negali - ilgalaiki\u0173 krovini\u0173 perve\u017eimo kontrakt\u0173 privalumus su tiesioginiais krovini\u0173 valdytojais. Domina darbas ve\u017e\u0117jams - susisiekime!","robots":{"index":"index","follow":"follow","max-snippet":"max-snippet:-1","max-image-preview":"max-image-preview:large","max-video-preview":"max-video-preview:-1"},"canonical":"https:\/\/gevara.lt\/lv\/darbs-parvadatajiem\/","og_locale":"lv_LV","og_type":"article","og_title":"Darbs p\u0101rvad\u0101t\u0101jiem - Si\u016blome abipusiai nauding\u0105 partneryst\u0119 | GEVARA","og_description":"Si\u016blome darb\u0105 ve\u017e\u0117jams. Galime pasi\u016blyti ne tik krovini\u0173 perve\u017eim\u0105, bet ir tai, ko daugelis kit\u0173 ekspedicini\u0173 \u012fmoni\u0173 pasi\u016blyti negali - ilgalaiki\u0173 krovini\u0173 perve\u017eimo kontrakt\u0173 privalumus su tiesioginiais krovini\u0173 valdytojais. Domina darbas ve\u017e\u0117jams - susisiekime!","og_url":"https:\/\/gevara.lt\/lv\/darbs-parvadatajiem\/","og_site_name":"GEVARA","article_modified_time":"2025-09-10T08:14:58+00:00","twitter_card":"summary_large_image","schema":{"@context":"https:\/\/schema.org","@graph":[{"@type":"WebPage","@id":"https:\/\/gevara.lt\/lv\/darbs-parvadatajiem\/","url":"https:\/\/gevara.lt\/lv\/darbs-parvadatajiem\/","name":"Darbs p\u0101rvad\u0101t\u0101jiem - Si\u016blome abipusiai nauding\u0105 partneryst\u0119 | GEVARA","isPartOf":{"@id":"https:\/\/gevara.lt\/#website"},"datePublished":"2022-07-21T11:23:48+00:00","dateModified":"2025-09-10T08:14:58+00:00","description":"Si\u016blome darb\u0105 ve\u017e\u0117jams. Galime pasi\u016blyti ne tik krovini\u0173 perve\u017eim\u0105, bet ir tai, ko daugelis kit\u0173 ekspedicini\u0173 \u012fmoni\u0173 pasi\u016blyti negali - ilgalaiki\u0173 krovini\u0173 perve\u017eimo kontrakt\u0173 privalumus su tiesioginiais krovini\u0173 valdytojais. Domina darbas ve\u017e\u0117jams - susisiekime!","breadcrumb":{"@id":"https:\/\/gevara.lt\/lv\/darbs-parvadatajiem\/#breadcrumb"},"inLanguage":"lv-LV","potentialAction":[{"@type":"ReadAction","target":["https:\/\/gevara.lt\/lv\/darbs-parvadatajiem\/"]}]},{"@type":"BreadcrumbList","@id":"https:\/\/gevara.lt\/lv\/darbs-parvadatajiem\/#breadcrumb","itemListElement":[{"@type":"ListItem","position":1,"name":"Home","item":"https:\/\/gevara.lt\/lv\/"},{"@type":"ListItem","position":2,"name":"Darbs p\u0101rvad\u0101t\u0101jiem"}]},{"@type":"WebSite","@id":"https:\/\/gevara.lt\/#website","url":"https:\/\/gevara.lt\/","name":"GEVARA","description":"EXPERTS IN GROUPAGE CARGO TRANSPORTATION","potentialAction":[{"@type":"SearchAction","target":{"@type":"EntryPoint","urlTemplate":"https:\/\/gevara.lt\/?s={search_term_string}"},"query-input":{"@type":"PropertyValueSpecification","valueRequired":true,"valueName":"search_term_string"}}],"inLanguage":"lv-LV"}]}},"_links":{"self":[{"href":"https:\/\/gevara.lt\/lv\/wp-json\/wp\/v2\/pages\/10920","targetHints":{"allow":["GET"]}}],"collection":[{"href":"https:\/\/gevara.lt\/lv\/wp-json\/wp\/v2\/pages"}],"about":[{"href":"https:\/\/gevara.lt\/lv\/wp-json\/wp\/v2\/types\/page"}],"author":[{"embeddable":true,"href":"https:\/\/gevara.lt\/lv\/wp-json\/wp\/v2\/users\/6"}],"replies":[{"embeddable":true,"href":"https:\/\/gevara.lt\/lv\/wp-json\/wp\/v2\/comments?post=10920"}],"version-history":[{"count":8,"href":"https:\/\/gevara.lt\/lv\/wp-json\/wp\/v2\/pages\/10920\/revisions"}],"predecessor-version":[{"id":11181,"href":"https:\/\/gevara.lt\/lv\/wp-json\/wp\/v2\/pages\/10920\/revisions\/11181"}],"wp:attachment":[{"href":"https:\/\/gevara.lt\/lv\/wp-json\/wp\/v2\/media?parent=10920"}],"curies":[{"name":"wp","href":"https:\/\/api.w.org\/{rel}","templated":true}]}}