{"id":10870,"date":"2022-07-21T11:23:38","date_gmt":"2022-07-21T11:23:38","guid":{"rendered":"https:\/\/gevara.lt\/apie-mus\/"},"modified":"2026-02-10T08:24:23","modified_gmt":"2026-02-10T08:24:23","slug":"par-mums","status":"publish","type":"page","link":"https:\/\/gevara.lt\/lv\/par-mums\/","title":{"rendered":"Par mums"},"content":{"rendered":"","protected":false},"excerpt":{"rendered":"","protected":false},"author":6,"featured_media":0,"parent":0,"menu_order":0,"comment_status":"closed","ping_status":"closed","template":"template-about-us.blade.php","meta":{"_acf_changed":false,"inline_featured_image":false,"footnotes":""},"class_list":["post-10870","page","type-page","status-publish","hentry"],"acf":[],"yoast_head":"<!-- This site is optimized with the Yoast SEO plugin v26.9 - https:\/\/yoast.com\/product\/yoast-seo-wordpress\/ -->\n<title>Daliniai | Pilni kroviniai | Transportavimas | Sprendimai | Par mums<\/title>\n<meta name=\"description\" content=\"Daliniai | Pilni kroviniai | Transportavimas | Sprendimai. M\u016bs\u0173 paslaugos: eksportas, tranzitas, importas, sand\u0117liavimas, distribucija.\" \/>\n<meta name=\"robots\" content=\"index, follow, max-snippet:-1, max-image-preview:large, max-video-preview:-1\" \/>\n<link rel=\"canonical\" href=\"https:\/\/gevara.lt\/lv\/par-mums\/\" \/>\n<meta property=\"og:locale\" content=\"lv_LV\" \/>\n<meta property=\"og:type\" content=\"article\" \/>\n<meta property=\"og:title\" content=\"Daliniai | Pilni kroviniai | Transportavimas | Sprendimai | Par mums\" \/>\n<meta property=\"og:description\" content=\"Daliniai | Pilni kroviniai | Transportavimas | Sprendimai. M\u016bs\u0173 paslaugos: eksportas, tranzitas, importas, sand\u0117liavimas, distribucija.\" \/>\n<meta property=\"og:url\" content=\"https:\/\/gevara.lt\/lv\/par-mums\/\" \/>\n<meta property=\"og:site_name\" content=\"GEVARA\" \/>\n<meta property=\"article:modified_time\" content=\"2026-02-10T08:24:23+00:00\" \/>\n<meta name=\"twitter:card\" content=\"summary_large_image\" \/>\n<script type=\"application\/ld+json\" class=\"yoast-schema-graph\">{\"@context\":\"https:\/\/schema.org\",\"@graph\":[{\"@type\":\"WebPage\",\"@id\":\"https:\/\/gevara.lt\/lv\/par-mums\/\",\"url\":\"https:\/\/gevara.lt\/lv\/par-mums\/\",\"name\":\"Daliniai | Pilni kroviniai | Transportavimas | Sprendimai | Par mums\",\"isPartOf\":{\"@id\":\"https:\/\/gevara.lt\/#website\"},\"datePublished\":\"2022-07-21T11:23:38+00:00\",\"dateModified\":\"2026-02-10T08:24:23+00:00\",\"description\":\"Daliniai | Pilni kroviniai | Transportavimas | Sprendimai. M\u016bs\u0173 paslaugos: eksportas, tranzitas, importas, sand\u0117liavimas, distribucija.\",\"breadcrumb\":{\"@id\":\"https:\/\/gevara.lt\/lv\/par-mums\/#breadcrumb\"},\"inLanguage\":\"lv-LV\",\"potentialAction\":[{\"@type\":\"ReadAction\",\"target\":[\"https:\/\/gevara.lt\/lv\/par-mums\/\"]}]},{\"@type\":\"BreadcrumbList\",\"@id\":\"https:\/\/gevara.lt\/lv\/par-mums\/#breadcrumb\",\"itemListElement\":[{\"@type\":\"ListItem\",\"position\":1,\"name\":\"Home\",\"item\":\"https:\/\/gevara.lt\/lv\/\"},{\"@type\":\"ListItem\",\"position\":2,\"name\":\"Par mums\"}]},{\"@type\":\"WebSite\",\"@id\":\"https:\/\/gevara.lt\/#website\",\"url\":\"https:\/\/gevara.lt\/\",\"name\":\"GEVARA\",\"description\":\"EXPERTS IN GROUPAGE CARGO TRANSPORTATION\",\"potentialAction\":[{\"@type\":\"SearchAction\",\"target\":{\"@type\":\"EntryPoint\",\"urlTemplate\":\"https:\/\/gevara.lt\/?s={search_term_string}\"},\"query-input\":{\"@type\":\"PropertyValueSpecification\",\"valueRequired\":true,\"valueName\":\"search_term_string\"}}],\"inLanguage\":\"lv-LV\"}]}<\/script>\n<!-- \/ Yoast SEO plugin. -->","yoast_head_json":{"title":"Daliniai | Pilni kroviniai | Transportavimas | Sprendimai | Par mums","description":"Daliniai | Pilni kroviniai | Transportavimas | Sprendimai. M\u016bs\u0173 paslaugos: eksportas, tranzitas, importas, sand\u0117liavimas, distribucija.","robots":{"index":"index","follow":"follow","max-snippet":"max-snippet:-1","max-image-preview":"max-image-preview:large","max-video-preview":"max-video-preview:-1"},"canonical":"https:\/\/gevara.lt\/lv\/par-mums\/","og_locale":"lv_LV","og_type":"article","og_title":"Daliniai | Pilni kroviniai | Transportavimas | Sprendimai | Par mums","og_description":"Daliniai | Pilni kroviniai | Transportavimas | Sprendimai. M\u016bs\u0173 paslaugos: eksportas, tranzitas, importas, sand\u0117liavimas, distribucija.","og_url":"https:\/\/gevara.lt\/lv\/par-mums\/","og_site_name":"GEVARA","article_modified_time":"2026-02-10T08:24:23+00:00","twitter_card":"summary_large_image","schema":{"@context":"https:\/\/schema.org","@graph":[{"@type":"WebPage","@id":"https:\/\/gevara.lt\/lv\/par-mums\/","url":"https:\/\/gevara.lt\/lv\/par-mums\/","name":"Daliniai | Pilni kroviniai | Transportavimas | Sprendimai | Par mums","isPartOf":{"@id":"https:\/\/gevara.lt\/#website"},"datePublished":"2022-07-21T11:23:38+00:00","dateModified":"2026-02-10T08:24:23+00:00","description":"Daliniai | Pilni kroviniai | Transportavimas | Sprendimai. M\u016bs\u0173 paslaugos: eksportas, tranzitas, importas, sand\u0117liavimas, distribucija.","breadcrumb":{"@id":"https:\/\/gevara.lt\/lv\/par-mums\/#breadcrumb"},"inLanguage":"lv-LV","potentialAction":[{"@type":"ReadAction","target":["https:\/\/gevara.lt\/lv\/par-mums\/"]}]},{"@type":"BreadcrumbList","@id":"https:\/\/gevara.lt\/lv\/par-mums\/#breadcrumb","itemListElement":[{"@type":"ListItem","position":1,"name":"Home","item":"https:\/\/gevara.lt\/lv\/"},{"@type":"ListItem","position":2,"name":"Par mums"}]},{"@type":"WebSite","@id":"https:\/\/gevara.lt\/#website","url":"https:\/\/gevara.lt\/","name":"GEVARA","description":"EXPERTS IN GROUPAGE CARGO TRANSPORTATION","potentialAction":[{"@type":"SearchAction","target":{"@type":"EntryPoint","urlTemplate":"https:\/\/gevara.lt\/?s={search_term_string}"},"query-input":{"@type":"PropertyValueSpecification","valueRequired":true,"valueName":"search_term_string"}}],"inLanguage":"lv-LV"}]}},"_links":{"self":[{"href":"https:\/\/gevara.lt\/lv\/wp-json\/wp\/v2\/pages\/10870","targetHints":{"allow":["GET"]}}],"collection":[{"href":"https:\/\/gevara.lt\/lv\/wp-json\/wp\/v2\/pages"}],"about":[{"href":"https:\/\/gevara.lt\/lv\/wp-json\/wp\/v2\/types\/page"}],"author":[{"embeddable":true,"href":"https:\/\/gevara.lt\/lv\/wp-json\/wp\/v2\/users\/6"}],"replies":[{"embeddable":true,"href":"https:\/\/gevara.lt\/lv\/wp-json\/wp\/v2\/comments?post=10870"}],"version-history":[{"count":10,"href":"https:\/\/gevara.lt\/lv\/wp-json\/wp\/v2\/pages\/10870\/revisions"}],"predecessor-version":[{"id":12918,"href":"https:\/\/gevara.lt\/lv\/wp-json\/wp\/v2\/pages\/10870\/revisions\/12918"}],"wp:attachment":[{"href":"https:\/\/gevara.lt\/lv\/wp-json\/wp\/v2\/media?parent=10870"}],"curies":[{"name":"wp","href":"https:\/\/api.w.org\/{rel}","templated":true}]}}