{"id":10812,"date":"2025-08-29T10:08:46","date_gmt":"2025-08-29T10:08:46","guid":{"rendered":"https:\/\/gevara.lt\/amazon-logistika\/"},"modified":"2025-09-10T08:11:33","modified_gmt":"2025-09-10T08:11:33","slug":"amazon-logistika","status":"publish","type":"page","link":"https:\/\/gevara.lt\/lv\/amazon-logistika\/","title":{"rendered":"AMAZON lo\u0123istika"},"content":{"rendered":"","protected":false},"excerpt":{"rendered":"","protected":false},"author":3,"featured_media":0,"parent":0,"menu_order":0,"comment_status":"closed","ping_status":"closed","template":"template-storage.blade.php","meta":{"_acf_changed":false,"inline_featured_image":false,"footnotes":""},"class_list":["post-10812","page","type-page","status-publish","hentry"],"acf":[],"yoast_head":"<!-- This site is optimized with the Yoast SEO plugin v26.9 - https:\/\/yoast.com\/product\/yoast-seo-wordpress\/ -->\n<title>AMAZON lo\u0123istika | Sand\u0117liavimo paslaugos | Muitin\u0117s sand\u0117lis | GEVARA<\/title>\n<meta name=\"description\" content=\"Sand\u0117liavimas Vilniuje. Krovinius galime pasverti, perpakuoti, perkrauti. Taip pat galime pasi\u016blyti etike\u010di\u0173 klijavimo paslaug\u0105 ir etike\u010di\u0173 spausdinimo paslaug\u0105.\" \/>\n<meta name=\"robots\" content=\"index, follow, max-snippet:-1, max-image-preview:large, max-video-preview:-1\" \/>\n<link rel=\"canonical\" href=\"https:\/\/gevara.lt\/lv\/amazon-logistika\/\" \/>\n<meta property=\"og:locale\" content=\"lv_LV\" \/>\n<meta property=\"og:type\" content=\"article\" \/>\n<meta property=\"og:title\" content=\"AMAZON lo\u0123istika | Sand\u0117liavimo paslaugos | Muitin\u0117s sand\u0117lis | GEVARA\" \/>\n<meta property=\"og:description\" content=\"Sand\u0117liavimas Vilniuje. Krovinius galime pasverti, perpakuoti, perkrauti. Taip pat galime pasi\u016blyti etike\u010di\u0173 klijavimo paslaug\u0105 ir etike\u010di\u0173 spausdinimo paslaug\u0105.\" \/>\n<meta property=\"og:url\" content=\"https:\/\/gevara.lt\/lv\/amazon-logistika\/\" \/>\n<meta property=\"og:site_name\" content=\"GEVARA\" \/>\n<meta property=\"article:modified_time\" content=\"2025-09-10T08:11:33+00:00\" \/>\n<meta name=\"twitter:card\" content=\"summary_large_image\" \/>\n<script type=\"application\/ld+json\" class=\"yoast-schema-graph\">{\"@context\":\"https:\/\/schema.org\",\"@graph\":[{\"@type\":\"WebPage\",\"@id\":\"https:\/\/gevara.lt\/lv\/amazon-logistika\/\",\"url\":\"https:\/\/gevara.lt\/lv\/amazon-logistika\/\",\"name\":\"AMAZON lo\u0123istika | Sand\u0117liavimo paslaugos | Muitin\u0117s sand\u0117lis | GEVARA\",\"isPartOf\":{\"@id\":\"https:\/\/gevara.lt\/#website\"},\"datePublished\":\"2025-08-29T10:08:46+00:00\",\"dateModified\":\"2025-09-10T08:11:33+00:00\",\"description\":\"Sand\u0117liavimas Vilniuje. Krovinius galime pasverti, perpakuoti, perkrauti. Taip pat galime pasi\u016blyti etike\u010di\u0173 klijavimo paslaug\u0105 ir etike\u010di\u0173 spausdinimo paslaug\u0105.\",\"breadcrumb\":{\"@id\":\"https:\/\/gevara.lt\/lv\/amazon-logistika\/#breadcrumb\"},\"inLanguage\":\"lv-LV\",\"potentialAction\":[{\"@type\":\"ReadAction\",\"target\":[\"https:\/\/gevara.lt\/lv\/amazon-logistika\/\"]}]},{\"@type\":\"BreadcrumbList\",\"@id\":\"https:\/\/gevara.lt\/lv\/amazon-logistika\/#breadcrumb\",\"itemListElement\":[{\"@type\":\"ListItem\",\"position\":1,\"name\":\"Home\",\"item\":\"https:\/\/gevara.lt\/lv\/\"},{\"@type\":\"ListItem\",\"position\":2,\"name\":\"AMAZON lo\u0123istika\"}]},{\"@type\":\"WebSite\",\"@id\":\"https:\/\/gevara.lt\/#website\",\"url\":\"https:\/\/gevara.lt\/\",\"name\":\"GEVARA\",\"description\":\"EXPERTS IN GROUPAGE CARGO TRANSPORTATION\",\"potentialAction\":[{\"@type\":\"SearchAction\",\"target\":{\"@type\":\"EntryPoint\",\"urlTemplate\":\"https:\/\/gevara.lt\/?s={search_term_string}\"},\"query-input\":{\"@type\":\"PropertyValueSpecification\",\"valueRequired\":true,\"valueName\":\"search_term_string\"}}],\"inLanguage\":\"lv-LV\"}]}<\/script>\n<!-- \/ Yoast SEO plugin. -->","yoast_head_json":{"title":"AMAZON lo\u0123istika | Sand\u0117liavimo paslaugos | Muitin\u0117s sand\u0117lis | GEVARA","description":"Sand\u0117liavimas Vilniuje. Krovinius galime pasverti, perpakuoti, perkrauti. Taip pat galime pasi\u016blyti etike\u010di\u0173 klijavimo paslaug\u0105 ir etike\u010di\u0173 spausdinimo paslaug\u0105.","robots":{"index":"index","follow":"follow","max-snippet":"max-snippet:-1","max-image-preview":"max-image-preview:large","max-video-preview":"max-video-preview:-1"},"canonical":"https:\/\/gevara.lt\/lv\/amazon-logistika\/","og_locale":"lv_LV","og_type":"article","og_title":"AMAZON lo\u0123istika | Sand\u0117liavimo paslaugos | Muitin\u0117s sand\u0117lis | GEVARA","og_description":"Sand\u0117liavimas Vilniuje. Krovinius galime pasverti, perpakuoti, perkrauti. Taip pat galime pasi\u016blyti etike\u010di\u0173 klijavimo paslaug\u0105 ir etike\u010di\u0173 spausdinimo paslaug\u0105.","og_url":"https:\/\/gevara.lt\/lv\/amazon-logistika\/","og_site_name":"GEVARA","article_modified_time":"2025-09-10T08:11:33+00:00","twitter_card":"summary_large_image","schema":{"@context":"https:\/\/schema.org","@graph":[{"@type":"WebPage","@id":"https:\/\/gevara.lt\/lv\/amazon-logistika\/","url":"https:\/\/gevara.lt\/lv\/amazon-logistika\/","name":"AMAZON lo\u0123istika | Sand\u0117liavimo paslaugos | Muitin\u0117s sand\u0117lis | GEVARA","isPartOf":{"@id":"https:\/\/gevara.lt\/#website"},"datePublished":"2025-08-29T10:08:46+00:00","dateModified":"2025-09-10T08:11:33+00:00","description":"Sand\u0117liavimas Vilniuje. Krovinius galime pasverti, perpakuoti, perkrauti. Taip pat galime pasi\u016blyti etike\u010di\u0173 klijavimo paslaug\u0105 ir etike\u010di\u0173 spausdinimo paslaug\u0105.","breadcrumb":{"@id":"https:\/\/gevara.lt\/lv\/amazon-logistika\/#breadcrumb"},"inLanguage":"lv-LV","potentialAction":[{"@type":"ReadAction","target":["https:\/\/gevara.lt\/lv\/amazon-logistika\/"]}]},{"@type":"BreadcrumbList","@id":"https:\/\/gevara.lt\/lv\/amazon-logistika\/#breadcrumb","itemListElement":[{"@type":"ListItem","position":1,"name":"Home","item":"https:\/\/gevara.lt\/lv\/"},{"@type":"ListItem","position":2,"name":"AMAZON lo\u0123istika"}]},{"@type":"WebSite","@id":"https:\/\/gevara.lt\/#website","url":"https:\/\/gevara.lt\/","name":"GEVARA","description":"EXPERTS IN GROUPAGE CARGO TRANSPORTATION","potentialAction":[{"@type":"SearchAction","target":{"@type":"EntryPoint","urlTemplate":"https:\/\/gevara.lt\/?s={search_term_string}"},"query-input":{"@type":"PropertyValueSpecification","valueRequired":true,"valueName":"search_term_string"}}],"inLanguage":"lv-LV"}]}},"_links":{"self":[{"href":"https:\/\/gevara.lt\/lv\/wp-json\/wp\/v2\/pages\/10812","targetHints":{"allow":["GET"]}}],"collection":[{"href":"https:\/\/gevara.lt\/lv\/wp-json\/wp\/v2\/pages"}],"about":[{"href":"https:\/\/gevara.lt\/lv\/wp-json\/wp\/v2\/types\/page"}],"author":[{"embeddable":true,"href":"https:\/\/gevara.lt\/lv\/wp-json\/wp\/v2\/users\/3"}],"replies":[{"embeddable":true,"href":"https:\/\/gevara.lt\/lv\/wp-json\/wp\/v2\/comments?post=10812"}],"version-history":[{"count":8,"href":"https:\/\/gevara.lt\/lv\/wp-json\/wp\/v2\/pages\/10812\/revisions"}],"predecessor-version":[{"id":11179,"href":"https:\/\/gevara.lt\/lv\/wp-json\/wp\/v2\/pages\/10812\/revisions\/11179"}],"wp:attachment":[{"href":"https:\/\/gevara.lt\/lv\/wp-json\/wp\/v2\/media?parent=10812"}],"curies":[{"name":"wp","href":"https:\/\/api.w.org\/{rel}","templated":true}]}}