{"id":10756,"date":"2022-07-19T08:44:43","date_gmt":"2022-07-19T08:44:43","guid":{"rendered":"https:\/\/gevara.lt\/pilnu-kroviniu-pervezimas\/"},"modified":"2025-09-10T08:19:52","modified_gmt":"2025-09-10T08:19:52","slug":"pilno-kravu-parvadajumi","status":"publish","type":"page","link":"https:\/\/gevara.lt\/lv\/pilno-kravu-parvadajumi\/","title":{"rendered":"Pilno kravu p\u0101rvad\u0101jumi"},"content":{"rendered":"","protected":false},"excerpt":{"rendered":"","protected":false},"author":6,"featured_media":0,"parent":0,"menu_order":0,"comment_status":"closed","ping_status":"closed","template":"template-full-loads.blade.php","meta":{"_acf_changed":false,"inline_featured_image":false,"footnotes":""},"class_list":["post-10756","page","type-page","status-publish","hentry"],"acf":[],"yoast_head":"<!-- This site is optimized with the Yoast SEO plugin v26.9 - https:\/\/yoast.com\/product\/yoast-seo-wordpress\/ -->\n<title>Pilno kravu p\u0101rvad\u0101jumi | Transporto paslaugos | FTL | GEVARA<\/title>\n<meta name=\"description\" content=\"Krovini\u0173 perve\u017eimas visoje Europoje ir Baltijos \u0161alyse. Piln\u0173 (FTL) krovini\u0173 r\u016b\u0161ys: pavojingi kroviniai (ADR), negabaritinio krovinio perve\u017eimas\" \/>\n<meta name=\"robots\" content=\"index, follow, max-snippet:-1, max-image-preview:large, max-video-preview:-1\" \/>\n<link rel=\"canonical\" href=\"https:\/\/gevara.lt\/lv\/pilno-kravu-parvadajumi\/\" \/>\n<meta property=\"og:locale\" content=\"lv_LV\" \/>\n<meta property=\"og:type\" content=\"article\" \/>\n<meta property=\"og:title\" content=\"Pilno kravu p\u0101rvad\u0101jumi | Transporto paslaugos | FTL | GEVARA\" \/>\n<meta property=\"og:description\" content=\"Krovini\u0173 perve\u017eimas visoje Europoje ir Baltijos \u0161alyse. Piln\u0173 (FTL) krovini\u0173 r\u016b\u0161ys: pavojingi kroviniai (ADR), negabaritinio krovinio perve\u017eimas\" \/>\n<meta property=\"og:url\" content=\"https:\/\/gevara.lt\/lv\/pilno-kravu-parvadajumi\/\" \/>\n<meta property=\"og:site_name\" content=\"GEVARA\" \/>\n<meta property=\"article:modified_time\" content=\"2025-09-10T08:19:52+00:00\" \/>\n<meta name=\"twitter:card\" content=\"summary_large_image\" \/>\n<script type=\"application\/ld+json\" class=\"yoast-schema-graph\">{\"@context\":\"https:\/\/schema.org\",\"@graph\":[{\"@type\":\"WebPage\",\"@id\":\"https:\/\/gevara.lt\/lv\/pilno-kravu-parvadajumi\/\",\"url\":\"https:\/\/gevara.lt\/lv\/pilno-kravu-parvadajumi\/\",\"name\":\"Pilno kravu p\u0101rvad\u0101jumi | Transporto paslaugos | FTL | GEVARA\",\"isPartOf\":{\"@id\":\"https:\/\/gevara.lt\/#website\"},\"datePublished\":\"2022-07-19T08:44:43+00:00\",\"dateModified\":\"2025-09-10T08:19:52+00:00\",\"description\":\"Krovini\u0173 perve\u017eimas visoje Europoje ir Baltijos \u0161alyse. Piln\u0173 (FTL) krovini\u0173 r\u016b\u0161ys: pavojingi kroviniai (ADR), negabaritinio krovinio perve\u017eimas\",\"breadcrumb\":{\"@id\":\"https:\/\/gevara.lt\/lv\/pilno-kravu-parvadajumi\/#breadcrumb\"},\"inLanguage\":\"lv-LV\",\"potentialAction\":[{\"@type\":\"ReadAction\",\"target\":[\"https:\/\/gevara.lt\/lv\/pilno-kravu-parvadajumi\/\"]}]},{\"@type\":\"BreadcrumbList\",\"@id\":\"https:\/\/gevara.lt\/lv\/pilno-kravu-parvadajumi\/#breadcrumb\",\"itemListElement\":[{\"@type\":\"ListItem\",\"position\":1,\"name\":\"Home\",\"item\":\"https:\/\/gevara.lt\/lv\/\"},{\"@type\":\"ListItem\",\"position\":2,\"name\":\"Pilno kravu p\u0101rvad\u0101jumi\"}]},{\"@type\":\"WebSite\",\"@id\":\"https:\/\/gevara.lt\/#website\",\"url\":\"https:\/\/gevara.lt\/\",\"name\":\"GEVARA\",\"description\":\"EXPERTS IN GROUPAGE CARGO TRANSPORTATION\",\"potentialAction\":[{\"@type\":\"SearchAction\",\"target\":{\"@type\":\"EntryPoint\",\"urlTemplate\":\"https:\/\/gevara.lt\/?s={search_term_string}\"},\"query-input\":{\"@type\":\"PropertyValueSpecification\",\"valueRequired\":true,\"valueName\":\"search_term_string\"}}],\"inLanguage\":\"lv-LV\"}]}<\/script>\n<!-- \/ Yoast SEO plugin. -->","yoast_head_json":{"title":"Pilno kravu p\u0101rvad\u0101jumi | Transporto paslaugos | FTL | GEVARA","description":"Krovini\u0173 perve\u017eimas visoje Europoje ir Baltijos \u0161alyse. Piln\u0173 (FTL) krovini\u0173 r\u016b\u0161ys: pavojingi kroviniai (ADR), negabaritinio krovinio perve\u017eimas","robots":{"index":"index","follow":"follow","max-snippet":"max-snippet:-1","max-image-preview":"max-image-preview:large","max-video-preview":"max-video-preview:-1"},"canonical":"https:\/\/gevara.lt\/lv\/pilno-kravu-parvadajumi\/","og_locale":"lv_LV","og_type":"article","og_title":"Pilno kravu p\u0101rvad\u0101jumi | Transporto paslaugos | FTL | GEVARA","og_description":"Krovini\u0173 perve\u017eimas visoje Europoje ir Baltijos \u0161alyse. Piln\u0173 (FTL) krovini\u0173 r\u016b\u0161ys: pavojingi kroviniai (ADR), negabaritinio krovinio perve\u017eimas","og_url":"https:\/\/gevara.lt\/lv\/pilno-kravu-parvadajumi\/","og_site_name":"GEVARA","article_modified_time":"2025-09-10T08:19:52+00:00","twitter_card":"summary_large_image","schema":{"@context":"https:\/\/schema.org","@graph":[{"@type":"WebPage","@id":"https:\/\/gevara.lt\/lv\/pilno-kravu-parvadajumi\/","url":"https:\/\/gevara.lt\/lv\/pilno-kravu-parvadajumi\/","name":"Pilno kravu p\u0101rvad\u0101jumi | Transporto paslaugos | FTL | GEVARA","isPartOf":{"@id":"https:\/\/gevara.lt\/#website"},"datePublished":"2022-07-19T08:44:43+00:00","dateModified":"2025-09-10T08:19:52+00:00","description":"Krovini\u0173 perve\u017eimas visoje Europoje ir Baltijos \u0161alyse. Piln\u0173 (FTL) krovini\u0173 r\u016b\u0161ys: pavojingi kroviniai (ADR), negabaritinio krovinio perve\u017eimas","breadcrumb":{"@id":"https:\/\/gevara.lt\/lv\/pilno-kravu-parvadajumi\/#breadcrumb"},"inLanguage":"lv-LV","potentialAction":[{"@type":"ReadAction","target":["https:\/\/gevara.lt\/lv\/pilno-kravu-parvadajumi\/"]}]},{"@type":"BreadcrumbList","@id":"https:\/\/gevara.lt\/lv\/pilno-kravu-parvadajumi\/#breadcrumb","itemListElement":[{"@type":"ListItem","position":1,"name":"Home","item":"https:\/\/gevara.lt\/lv\/"},{"@type":"ListItem","position":2,"name":"Pilno kravu p\u0101rvad\u0101jumi"}]},{"@type":"WebSite","@id":"https:\/\/gevara.lt\/#website","url":"https:\/\/gevara.lt\/","name":"GEVARA","description":"EXPERTS IN GROUPAGE CARGO TRANSPORTATION","potentialAction":[{"@type":"SearchAction","target":{"@type":"EntryPoint","urlTemplate":"https:\/\/gevara.lt\/?s={search_term_string}"},"query-input":{"@type":"PropertyValueSpecification","valueRequired":true,"valueName":"search_term_string"}}],"inLanguage":"lv-LV"}]}},"_links":{"self":[{"href":"https:\/\/gevara.lt\/lv\/wp-json\/wp\/v2\/pages\/10756","targetHints":{"allow":["GET"]}}],"collection":[{"href":"https:\/\/gevara.lt\/lv\/wp-json\/wp\/v2\/pages"}],"about":[{"href":"https:\/\/gevara.lt\/lv\/wp-json\/wp\/v2\/types\/page"}],"author":[{"embeddable":true,"href":"https:\/\/gevara.lt\/lv\/wp-json\/wp\/v2\/users\/6"}],"replies":[{"embeddable":true,"href":"https:\/\/gevara.lt\/lv\/wp-json\/wp\/v2\/comments?post=10756"}],"version-history":[{"count":8,"href":"https:\/\/gevara.lt\/lv\/wp-json\/wp\/v2\/pages\/10756\/revisions"}],"predecessor-version":[{"id":11187,"href":"https:\/\/gevara.lt\/lv\/wp-json\/wp\/v2\/pages\/10756\/revisions\/11187"}],"wp:attachment":[{"href":"https:\/\/gevara.lt\/lv\/wp-json\/wp\/v2\/media?parent=10756"}],"curies":[{"name":"wp","href":"https:\/\/api.w.org\/{rel}","templated":true}]}}