{"id":10683,"date":"2022-07-19T07:38:42","date_gmt":"2022-07-19T07:38:42","guid":{"rendered":"https:\/\/gevara.lt\/daliniai-kroviniai-is-visos-europos\/"},"modified":"2025-09-10T09:34:07","modified_gmt":"2025-09-10T09:34:07","slug":"daliniai-kroviniai-is-visos-europos","status":"publish","type":"page","link":"https:\/\/gevara.lt\/lv\/","title":{"rendered":"Daliniai kroviniai i\u0161 visos Europos LV"},"content":{"rendered":"","protected":false},"excerpt":{"rendered":"","protected":false},"author":6,"featured_media":0,"parent":0,"menu_order":0,"comment_status":"closed","ping_status":"closed","template":"","meta":{"_acf_changed":false,"inline_featured_image":false,"footnotes":""},"class_list":["post-10683","page","type-page","status-publish","hentry"],"acf":[],"yoast_head":"<!-- This site is optimized with the Yoast SEO plugin v26.9 - https:\/\/yoast.com\/product\/yoast-seo-wordpress\/ -->\n<title>Daliniai kroviniai | Perve\u017eimo paslaugos | Gevara<\/title>\n<meta name=\"description\" content=\"Daliniai kroviniai \u2013 kas tai?? Dalinis krovinys tai smulki\u0173 krovini\u0173 perve\u017eimas, perve\u017eimo paslaugos, daikt\u0173 perve\u017eimas, perkraustymo paslaugos, negabaritiniai kroviniai\" \/>\n<meta name=\"robots\" content=\"index, follow, max-snippet:-1, max-image-preview:large, max-video-preview:-1\" \/>\n<link rel=\"canonical\" href=\"https:\/\/gevara.lt\/lv\/\" \/>\n<meta property=\"og:locale\" content=\"lv_LV\" \/>\n<meta property=\"og:type\" content=\"article\" \/>\n<meta property=\"og:title\" content=\"Gevara - Transport &amp; Logistics Solution\" \/>\n<meta property=\"og:description\" content=\"Gevara \u2013 experts of partial cargo transportation, presenting themselves as the punks of the transport market. In 2007 we started providing services of small and partial cargo transportation. 15 years ago, there were only two employees in the company, today Gevara is a group of companies with 300 employees, a large team of customs brokers, its own fleet of trucks and a trademark that is well-known throughout Europe.\" \/>\n<meta property=\"og:url\" content=\"https:\/\/gevara.lt\/lv\/\" \/>\n<meta property=\"og:site_name\" content=\"GEVARA\" \/>\n<meta property=\"article:modified_time\" content=\"2025-09-10T09:34:07+00:00\" \/>\n<meta property=\"og:image\" content=\"http:\/\/gevara.lt\/app\/uploads\/2022\/11\/gevara-daliniu-kroviniu-pervezimas-facebook-fb-1024x517.jpg\" \/>\n<meta name=\"twitter:card\" content=\"summary_large_image\" \/>\n<meta name=\"twitter:title\" content=\"Gevara - Transport &amp; Logistics Solution\" \/>\n<meta name=\"twitter:description\" content=\"Gevara \u2013 experts of partial cargo transportation, presenting themselves as the punks of the transport market. In 2007 we started providing services of small and partial cargo transportation. 15 years ago, there were only two employees in the company, today Gevara is a group of companies with 300 employees, a large team of customs brokers, its own fleet of trucks and a trademark that is well-known throughout Europe.\" \/>\n<meta name=\"twitter:image\" content=\"http:\/\/gevara.lt\/app\/uploads\/2022\/11\/gevara-daliniu-kroviniu-pervezimas-facebook-fb-1024x517.jpg\" \/>\n<script type=\"application\/ld+json\" class=\"yoast-schema-graph\">{\"@context\":\"https:\/\/schema.org\",\"@graph\":[{\"@type\":\"WebPage\",\"@id\":\"https:\/\/gevara.lt\/lv\/\",\"url\":\"https:\/\/gevara.lt\/lv\/\",\"name\":\"Daliniai kroviniai | Perve\u017eimo paslaugos | Gevara\",\"isPartOf\":{\"@id\":\"https:\/\/gevara.lt\/#website\"},\"datePublished\":\"2022-07-19T07:38:42+00:00\",\"dateModified\":\"2025-09-10T09:34:07+00:00\",\"description\":\"Daliniai kroviniai \u2013 kas tai?? Dalinis krovinys tai smulki\u0173 krovini\u0173 perve\u017eimas, perve\u017eimo paslaugos, daikt\u0173 perve\u017eimas, perkraustymo paslaugos, negabaritiniai kroviniai\",\"breadcrumb\":{\"@id\":\"https:\/\/gevara.lt\/lv\/#breadcrumb\"},\"inLanguage\":\"lv-LV\",\"potentialAction\":[{\"@type\":\"ReadAction\",\"target\":[\"https:\/\/gevara.lt\/lv\/\"]}]},{\"@type\":\"BreadcrumbList\",\"@id\":\"https:\/\/gevara.lt\/lv\/#breadcrumb\",\"itemListElement\":[{\"@type\":\"ListItem\",\"position\":1,\"name\":\"Home\",\"item\":\"https:\/\/gevara.lt\/lv\/\"},{\"@type\":\"ListItem\",\"position\":2,\"name\":\"Daliniai kroviniai i\u0161 visos Europos LV\"}]},{\"@type\":\"WebSite\",\"@id\":\"https:\/\/gevara.lt\/#website\",\"url\":\"https:\/\/gevara.lt\/\",\"name\":\"GEVARA\",\"description\":\"EXPERTS IN GROUPAGE CARGO TRANSPORTATION\",\"potentialAction\":[{\"@type\":\"SearchAction\",\"target\":{\"@type\":\"EntryPoint\",\"urlTemplate\":\"https:\/\/gevara.lt\/?s={search_term_string}\"},\"query-input\":{\"@type\":\"PropertyValueSpecification\",\"valueRequired\":true,\"valueName\":\"search_term_string\"}}],\"inLanguage\":\"lv-LV\"}]}<\/script>\n<!-- \/ Yoast SEO plugin. -->","yoast_head_json":{"title":"Daliniai kroviniai | Perve\u017eimo paslaugos | Gevara","description":"Daliniai kroviniai \u2013 kas tai?? Dalinis krovinys tai smulki\u0173 krovini\u0173 perve\u017eimas, perve\u017eimo paslaugos, daikt\u0173 perve\u017eimas, perkraustymo paslaugos, negabaritiniai kroviniai","robots":{"index":"index","follow":"follow","max-snippet":"max-snippet:-1","max-image-preview":"max-image-preview:large","max-video-preview":"max-video-preview:-1"},"canonical":"https:\/\/gevara.lt\/lv\/","og_locale":"lv_LV","og_type":"article","og_title":"Gevara - Transport & Logistics Solution","og_description":"Gevara \u2013 experts of partial cargo transportation, presenting themselves as the punks of the transport market. In 2007 we started providing services of small and partial cargo transportation. 15 years ago, there were only two employees in the company, today Gevara is a group of companies with 300 employees, a large team of customs brokers, its own fleet of trucks and a trademark that is well-known throughout Europe.","og_url":"https:\/\/gevara.lt\/lv\/","og_site_name":"GEVARA","article_modified_time":"2025-09-10T09:34:07+00:00","og_image":[{"url":"http:\/\/gevara.lt\/app\/uploads\/2022\/11\/gevara-daliniu-kroviniu-pervezimas-facebook-fb-1024x517.jpg","type":"","width":"","height":""}],"twitter_card":"summary_large_image","twitter_title":"Gevara - Transport & Logistics Solution","twitter_description":"Gevara \u2013 experts of partial cargo transportation, presenting themselves as the punks of the transport market. In 2007 we started providing services of small and partial cargo transportation. 15 years ago, there were only two employees in the company, today Gevara is a group of companies with 300 employees, a large team of customs brokers, its own fleet of trucks and a trademark that is well-known throughout Europe.","twitter_image":"http:\/\/gevara.lt\/app\/uploads\/2022\/11\/gevara-daliniu-kroviniu-pervezimas-facebook-fb-1024x517.jpg","schema":{"@context":"https:\/\/schema.org","@graph":[{"@type":"WebPage","@id":"https:\/\/gevara.lt\/lv\/","url":"https:\/\/gevara.lt\/lv\/","name":"Daliniai kroviniai | Perve\u017eimo paslaugos | Gevara","isPartOf":{"@id":"https:\/\/gevara.lt\/#website"},"datePublished":"2022-07-19T07:38:42+00:00","dateModified":"2025-09-10T09:34:07+00:00","description":"Daliniai kroviniai \u2013 kas tai?? Dalinis krovinys tai smulki\u0173 krovini\u0173 perve\u017eimas, perve\u017eimo paslaugos, daikt\u0173 perve\u017eimas, perkraustymo paslaugos, negabaritiniai kroviniai","breadcrumb":{"@id":"https:\/\/gevara.lt\/lv\/#breadcrumb"},"inLanguage":"lv-LV","potentialAction":[{"@type":"ReadAction","target":["https:\/\/gevara.lt\/lv\/"]}]},{"@type":"BreadcrumbList","@id":"https:\/\/gevara.lt\/lv\/#breadcrumb","itemListElement":[{"@type":"ListItem","position":1,"name":"Home","item":"https:\/\/gevara.lt\/lv\/"},{"@type":"ListItem","position":2,"name":"Daliniai kroviniai i\u0161 visos Europos LV"}]},{"@type":"WebSite","@id":"https:\/\/gevara.lt\/#website","url":"https:\/\/gevara.lt\/","name":"GEVARA","description":"EXPERTS IN GROUPAGE CARGO TRANSPORTATION","potentialAction":[{"@type":"SearchAction","target":{"@type":"EntryPoint","urlTemplate":"https:\/\/gevara.lt\/?s={search_term_string}"},"query-input":{"@type":"PropertyValueSpecification","valueRequired":true,"valueName":"search_term_string"}}],"inLanguage":"lv-LV"}]}},"_links":{"self":[{"href":"https:\/\/gevara.lt\/lv\/wp-json\/wp\/v2\/pages\/10683","targetHints":{"allow":["GET"]}}],"collection":[{"href":"https:\/\/gevara.lt\/lv\/wp-json\/wp\/v2\/pages"}],"about":[{"href":"https:\/\/gevara.lt\/lv\/wp-json\/wp\/v2\/types\/page"}],"author":[{"embeddable":true,"href":"https:\/\/gevara.lt\/lv\/wp-json\/wp\/v2\/users\/6"}],"replies":[{"embeddable":true,"href":"https:\/\/gevara.lt\/lv\/wp-json\/wp\/v2\/comments?post=10683"}],"version-history":[{"count":10,"href":"https:\/\/gevara.lt\/lv\/wp-json\/wp\/v2\/pages\/10683\/revisions"}],"predecessor-version":[{"id":11192,"href":"https:\/\/gevara.lt\/lv\/wp-json\/wp\/v2\/pages\/10683\/revisions\/11192"}],"wp:attachment":[{"href":"https:\/\/gevara.lt\/lv\/wp-json\/wp\/v2\/media?parent=10683"}],"curies":[{"name":"wp","href":"https:\/\/api.w.org\/{rel}","templated":true}]}}