{"id":920,"date":"2022-08-25T15:12:22","date_gmt":"2022-08-25T15:12:22","guid":{"rendered":"http:\/\/gevara.lt\/privatumo-politika\/"},"modified":"2025-09-17T11:33:36","modified_gmt":"2025-09-17T11:33:36","slug":"datenschutzrichtlinie","status":"publish","type":"page","link":"https:\/\/gevara.lt\/de\/datenschutzrichtlinie\/","title":{"rendered":"Datenschutzrichtlinie"},"content":{"rendered":"\n<div style=\"height:20px\" aria-hidden=\"true\" class=\"wp-block-spacer\"><\/div>\n\n\n\n<p>\u0160In dieser Datenschutzerkl\u00e4rung von gevara.lt wird beschrieben, welche Informationen wir sammeln und wie wir sie verwenden.<br><\/p>\n\n\n\n<h2 class=\"wp-block-heading\"><strong>1. Welche Informationen sammeln wir?<\/strong><\/h2>\n\n\n\n<p><\/p>\n\n\n\n<p><strong>Wir k\u00f6nnen die folgenden Arten von Informationen sammeln, speichern und verwenden:<\/strong><\/p>\n\n\n\n<ul class=\"wp-block-list\">\n<li>Informationen \u00fcber Ihren Computer und \u00fcber Ihre Besuche auf dieser Website und Ihre Nutzung dieser Website (einschlie\u00dflich Ihrer IP-Adresse, Ihres geografischen Standortes, Ihres Browsertyps, von wo aus Sie weitergeleitet wurden, der Dauer des Besuchs und der Anzahl der Seitenaufrufe);<\/li>\n\n\n\n<li>Informationen, die Sie uns zur Verf\u00fcgung stellen, um die Dienste unserer Website, E-Mail-Benachrichtigungen und \/ oder Newsletter zu abonnieren;<\/li>\n\n\n\n<li>Alle anderen Informationen, die Sie uns nach Ihrer Wahl senden.<\/li>\n<\/ul>\n\n\n\n<div style=\"height:20px\" aria-hidden=\"true\" class=\"wp-block-spacer\"><\/div>\n\n\n\n<h2 class=\"wp-block-heading\"><strong>2. Cookies<\/strong><\/h2>\n\n\n\n<p><\/p>\n\n\n\n<p>Das Cookie besteht aus Informationen, die vom Webserver an den Webbrowser gesendet und vom Browser gespeichert werden. Diese Informationen werden dann jedes Mal an den Server zur\u00fcckgesendet, wenn der Browser eine Seite von diesem Server anfordert. Dies erm\u00f6glicht es diesem Netzwerkserver, den Webbrowser zu identifizieren und zu verfolgen. Wir verwenden Google Analytics, um die Nutzung dieser Website zu analysieren. Google Analytics generiert statistische und andere Informationen \u00fcber die Nutzung der Website mithilfe von Cookies, die auf den Computern der Benutzer gespeichert werden. Die im Zusammenhang mit unserer Website generierten Informationen werden verwendet, um Berichte \u00fcber die Nutzung dieser Website zu erstellen. Diese Informationen werden von Google gespeichert. Die Datenschutzerkl\u00e4rung von Google finden Sie hier: http:\/\/www.google.com\/privacypolicy.html . Die meisten Browser erlauben es Ihnen, keine Cookies zu akzeptieren, obwohl bestimmte Browser es Ihnen nicht erlauben, nur Cookies von Drittanbietern zu akzeptieren. Zum Beispiel k\u00f6nnen Sie im Internet Explorer alle Cookies ablehnen, indem Sie auf &#8222;Extras&#8220; > &#8222;Internetoptionen&#8220; > &#8222;Datenschutz&#8220; klicken und &#8222;Alle Cookies blockieren&#8220; ausw\u00e4hlen (dies geschieht durch Scrollen des Umschalters). Das Blockieren aller Cookies wirkt sich jedoch negativ auf die Nutzung vieler Websites aus, einschlie\u00dflich dieser.<\/p>\n\n\n\n<div style=\"height:20px\" aria-hidden=\"true\" class=\"wp-block-spacer\"><\/div>\n\n\n\n<h2 class=\"wp-block-heading\"><strong>3. <\/strong>Verwendung Ihrer personenbezogenen Daten<br><\/h2>\n\n\n\n<p><\/p>\n\n\n\n<p>Personenbezogene Daten, die auf dieser Website zur Verf\u00fcgung gestellt werden, werden f\u00fcr die in dieser Datenschutzerkl\u00e4rung oder in den entsprechenden Teilen dieser Website angegebenen Zwecke verwendet. Wir k\u00f6nnen Ihre personenbezogenen Daten f\u00fcr folgende Zwecke verwenden:<\/p>\n\n\n\n<ul class=\"wp-block-list\">\n<li>F\u00fcr die Verwaltung der Website;<\/li>\n\n\n\n<li>Um Ihre Browser-Erfahrung zu verbessern, indem Sie diese Website an Ihre pers\u00f6nlichen Bed\u00fcrfnisse anpassen;<\/li>\n\n\n\n<li>Mit Ihrer Einwilligung, Ihnen per E-Mail unseren Newsletter zuzusenden, von dem wir glauben, dass er f\u00fcr Sie von Interesse sein k\u00f6nnte (Sie k\u00f6nnen uns jederzeit informieren, wenn Sie nicht mehr m\u00f6chten, dass Ihnen der Newsletter zugesandt wird);<\/li>\n\n\n\n<li>Dritten statistische Informationen \u00fcber unsere Benutzer zur Verf\u00fcgung zu stellen, aber diese Informationen werden nicht zur Identifizierung einzelner Benutzer verwendet;<br>ohne Ihre ausdr\u00fcckliche Zustimmung werden wir Ihre personenbezogenen Daten nicht an Dritte f\u00fcr Direktmarketingzwecke weitergeben.<br><\/li>\n<\/ul>\n\n\n\n<p><\/p>\n\n\n\n<div style=\"height:20px\" aria-hidden=\"true\" class=\"wp-block-spacer\"><\/div>\n\n\n\n<h2 class=\"wp-block-heading\"><strong>4. \u00a0<\/strong>\u00c4nderungen der Richtlinie<\/h2>\n\n\n\n<p>Wir k\u00f6nnen diese Datenschutzrichtlinie von Zeit zu Zeit aktualisieren, indem wir eine neue Version auf unserer Website ver\u00f6ffentlichen. Von Zeit zu Zeit sollten Sie diese Seite \u00fcberpr\u00fcfen, um sicherzustellen, dass Sie mit den \u00c4nderungen zufrieden sind.<\/p>\n\n\n\n<div style=\"height:20px\" aria-hidden=\"true\" class=\"wp-block-spacer\"><\/div>\n\n\n\n<h2 class=\"wp-block-heading\"><strong>5. <\/strong>Websites Dritter<\/h2>\n\n\n\n<p><\/p>\n\n\n\n<p>Diese Website enth\u00e4lt Links zu anderen Websites. Wir sind nicht verantwortlich f\u00fcr die Datenschutzrichtlinien oder -praktiken von Websites Dritter.<\/p>\n\n\n\n<div style=\"height:20px\" aria-hidden=\"true\" class=\"wp-block-spacer\"><\/div>\n","protected":false},"excerpt":{"rendered":"<p>\u0160In dieser Datenschutzerkl\u00e4rung von gevara.lt wird beschrieben, welche Informationen wir sammeln und wie wir sie verwenden. 1. Welche Informationen sammeln wir? Wir k\u00f6nnen die folgenden Arten von Informationen sammeln, speichern und verwenden: 2. Cookies Das Cookie besteht aus Informationen, die vom Webserver an den Webbrowser gesendet und vom Browser gespeichert werden. Diese Informationen werden dann &hellip; <a href=\"https:\/\/gevara.lt\/de\/datenschutzrichtlinie\/\">Continued<\/a><\/p>\n","protected":false},"author":6,"featured_media":0,"parent":0,"menu_order":0,"comment_status":"closed","ping_status":"closed","template":"","meta":{"_acf_changed":false,"inline_featured_image":false,"footnotes":""},"class_list":["post-920","page","type-page","status-publish","hentry"],"acf":[],"yoast_head":"<!-- This site is optimized with the Yoast SEO plugin v26.9 - https:\/\/yoast.com\/product\/yoast-seo-wordpress\/ -->\n<title>Datenschutzrichtlinie - GEVARA<\/title>\n<meta name=\"robots\" content=\"index, follow, max-snippet:-1, max-image-preview:large, max-video-preview:-1\" \/>\n<link rel=\"canonical\" href=\"https:\/\/gevara.lt\/de\/datenschutzrichtlinie\/\" \/>\n<meta property=\"og:locale\" content=\"de_DE\" \/>\n<meta property=\"og:type\" content=\"article\" \/>\n<meta property=\"og:title\" content=\"Datenschutzrichtlinie - GEVARA\" \/>\n<meta property=\"og:description\" content=\"\u0160In dieser Datenschutzerkl\u00e4rung von gevara.lt wird beschrieben, welche Informationen wir sammeln und wie wir sie verwenden. 1. Welche Informationen sammeln wir? Wir k\u00f6nnen die folgenden Arten von Informationen sammeln, speichern und verwenden: 2. Cookies Das Cookie besteht aus Informationen, die vom Webserver an den Webbrowser gesendet und vom Browser gespeichert werden. Diese Informationen werden dann &hellip; Continued\" \/>\n<meta property=\"og:url\" content=\"https:\/\/gevara.lt\/de\/datenschutzrichtlinie\/\" \/>\n<meta property=\"og:site_name\" content=\"GEVARA\" \/>\n<meta property=\"article:modified_time\" content=\"2025-09-17T11:33:36+00:00\" \/>\n<meta name=\"twitter:card\" content=\"summary_large_image\" \/>\n<meta name=\"twitter:label1\" content=\"Gesch\u00e4tzte Lesezeit\" \/>\n\t<meta name=\"twitter:data1\" content=\"3\u00a0Minuten\" \/>\n<script type=\"application\/ld+json\" class=\"yoast-schema-graph\">{\"@context\":\"https:\/\/schema.org\",\"@graph\":[{\"@type\":\"WebPage\",\"@id\":\"https:\/\/gevara.lt\/de\/datenschutzrichtlinie\/\",\"url\":\"https:\/\/gevara.lt\/de\/datenschutzrichtlinie\/\",\"name\":\"Datenschutzrichtlinie - GEVARA\",\"isPartOf\":{\"@id\":\"https:\/\/gevara.lt\/#website\"},\"datePublished\":\"2022-08-25T15:12:22+00:00\",\"dateModified\":\"2025-09-17T11:33:36+00:00\",\"breadcrumb\":{\"@id\":\"https:\/\/gevara.lt\/de\/datenschutzrichtlinie\/#breadcrumb\"},\"inLanguage\":\"de\",\"potentialAction\":[{\"@type\":\"ReadAction\",\"target\":[\"https:\/\/gevara.lt\/de\/datenschutzrichtlinie\/\"]}]},{\"@type\":\"BreadcrumbList\",\"@id\":\"https:\/\/gevara.lt\/de\/datenschutzrichtlinie\/#breadcrumb\",\"itemListElement\":[{\"@type\":\"ListItem\",\"position\":1,\"name\":\"Home\",\"item\":\"https:\/\/gevara.lt\/de\/\"},{\"@type\":\"ListItem\",\"position\":2,\"name\":\"Datenschutzrichtlinie\"}]},{\"@type\":\"WebSite\",\"@id\":\"https:\/\/gevara.lt\/#website\",\"url\":\"https:\/\/gevara.lt\/\",\"name\":\"GEVARA\",\"description\":\"EXPERTS IN GROUPAGE CARGO TRANSPORTATION\",\"potentialAction\":[{\"@type\":\"SearchAction\",\"target\":{\"@type\":\"EntryPoint\",\"urlTemplate\":\"https:\/\/gevara.lt\/?s={search_term_string}\"},\"query-input\":{\"@type\":\"PropertyValueSpecification\",\"valueRequired\":true,\"valueName\":\"search_term_string\"}}],\"inLanguage\":\"de\"}]}<\/script>\n<!-- \/ Yoast SEO plugin. -->","yoast_head_json":{"title":"Datenschutzrichtlinie - GEVARA","robots":{"index":"index","follow":"follow","max-snippet":"max-snippet:-1","max-image-preview":"max-image-preview:large","max-video-preview":"max-video-preview:-1"},"canonical":"https:\/\/gevara.lt\/de\/datenschutzrichtlinie\/","og_locale":"de_DE","og_type":"article","og_title":"Datenschutzrichtlinie - GEVARA","og_description":"\u0160In dieser Datenschutzerkl\u00e4rung von gevara.lt wird beschrieben, welche Informationen wir sammeln und wie wir sie verwenden. 1. Welche Informationen sammeln wir? Wir k\u00f6nnen die folgenden Arten von Informationen sammeln, speichern und verwenden: 2. Cookies Das Cookie besteht aus Informationen, die vom Webserver an den Webbrowser gesendet und vom Browser gespeichert werden. Diese Informationen werden dann &hellip; Continued","og_url":"https:\/\/gevara.lt\/de\/datenschutzrichtlinie\/","og_site_name":"GEVARA","article_modified_time":"2025-09-17T11:33:36+00:00","twitter_card":"summary_large_image","twitter_misc":{"Gesch\u00e4tzte Lesezeit":"3\u00a0Minuten"},"schema":{"@context":"https:\/\/schema.org","@graph":[{"@type":"WebPage","@id":"https:\/\/gevara.lt\/de\/datenschutzrichtlinie\/","url":"https:\/\/gevara.lt\/de\/datenschutzrichtlinie\/","name":"Datenschutzrichtlinie - GEVARA","isPartOf":{"@id":"https:\/\/gevara.lt\/#website"},"datePublished":"2022-08-25T15:12:22+00:00","dateModified":"2025-09-17T11:33:36+00:00","breadcrumb":{"@id":"https:\/\/gevara.lt\/de\/datenschutzrichtlinie\/#breadcrumb"},"inLanguage":"de","potentialAction":[{"@type":"ReadAction","target":["https:\/\/gevara.lt\/de\/datenschutzrichtlinie\/"]}]},{"@type":"BreadcrumbList","@id":"https:\/\/gevara.lt\/de\/datenschutzrichtlinie\/#breadcrumb","itemListElement":[{"@type":"ListItem","position":1,"name":"Home","item":"https:\/\/gevara.lt\/de\/"},{"@type":"ListItem","position":2,"name":"Datenschutzrichtlinie"}]},{"@type":"WebSite","@id":"https:\/\/gevara.lt\/#website","url":"https:\/\/gevara.lt\/","name":"GEVARA","description":"EXPERTS IN GROUPAGE CARGO TRANSPORTATION","potentialAction":[{"@type":"SearchAction","target":{"@type":"EntryPoint","urlTemplate":"https:\/\/gevara.lt\/?s={search_term_string}"},"query-input":{"@type":"PropertyValueSpecification","valueRequired":true,"valueName":"search_term_string"}}],"inLanguage":"de"}]}},"_links":{"self":[{"href":"https:\/\/gevara.lt\/de\/wp-json\/wp\/v2\/pages\/920","targetHints":{"allow":["GET"]}}],"collection":[{"href":"https:\/\/gevara.lt\/de\/wp-json\/wp\/v2\/pages"}],"about":[{"href":"https:\/\/gevara.lt\/de\/wp-json\/wp\/v2\/types\/page"}],"author":[{"embeddable":true,"href":"https:\/\/gevara.lt\/de\/wp-json\/wp\/v2\/users\/6"}],"replies":[{"embeddable":true,"href":"https:\/\/gevara.lt\/de\/wp-json\/wp\/v2\/comments?post=920"}],"version-history":[{"count":5,"href":"https:\/\/gevara.lt\/de\/wp-json\/wp\/v2\/pages\/920\/revisions"}],"predecessor-version":[{"id":4771,"href":"https:\/\/gevara.lt\/de\/wp-json\/wp\/v2\/pages\/920\/revisions\/4771"}],"wp:attachment":[{"href":"https:\/\/gevara.lt\/de\/wp-json\/wp\/v2\/media?parent=920"}],"curies":[{"name":"wp","href":"https:\/\/api.w.org\/{rel}","templated":true}]}}