{"id":189,"date":"2022-07-19T08:44:32","date_gmt":"2022-07-19T08:44:32","guid":{"rendered":"https:\/\/gevara.test\/experten-fuer-den-sammelgut-verkehr\/"},"modified":"2025-09-17T11:43:00","modified_gmt":"2025-09-17T11:43:00","slug":"sammelguttransport","status":"publish","type":"page","link":"https:\/\/gevara.lt\/de\/sammelguttransport\/","title":{"rendered":"Sammelguttransport"},"content":{"rendered":"","protected":false},"excerpt":{"rendered":"","protected":false},"author":6,"featured_media":0,"parent":0,"menu_order":0,"comment_status":"closed","ping_status":"closed","template":"template-partial-loads.blade.php","meta":{"_acf_changed":false,"inline_featured_image":false,"footnotes":""},"class_list":["post-189","page","type-page","status-publish","hentry"],"acf":[],"yoast_head":"<!-- This site is optimized with the Yoast SEO plugin v26.9 - https:\/\/yoast.com\/product\/yoast-seo-wordpress\/ -->\n<title>Sammelguttransport | LTL | GEVARA<\/title>\n<meta name=\"description\" content=\"Gevara ist eines der st\u00e4rksten Sammelguttransport in Litauen. \u00dcber 15 Jahre Erfahrung im Teilladungstransport \u2013 wir haben alle Nuancen des Teilladungstransports perfektioniert, sind auf verschiedene Probleme dieser Art des Ladungstransports gesto\u00dfen und haben sie gel\u00f6st, daher k\u00f6nnen wir mit Sicherheit sagen, dass Gevara Experten f\u00fcr Teilladungstransporte sind\" \/>\n<meta name=\"robots\" content=\"index, follow, max-snippet:-1, max-image-preview:large, max-video-preview:-1\" \/>\n<link rel=\"canonical\" href=\"https:\/\/gevara.lt\/de\/sammelguttransport\/\" \/>\n<meta property=\"og:locale\" content=\"de_DE\" \/>\n<meta property=\"og:type\" content=\"article\" \/>\n<meta property=\"og:title\" content=\"Sammelguttransport | LTL | GEVARA\" \/>\n<meta property=\"og:description\" content=\"Gevara ist eines der st\u00e4rksten Sammelguttransport in Litauen. \u00dcber 15 Jahre Erfahrung im Teilladungstransport \u2013 wir haben alle Nuancen des Teilladungstransports perfektioniert, sind auf verschiedene Probleme dieser Art des Ladungstransports gesto\u00dfen und haben sie gel\u00f6st, daher k\u00f6nnen wir mit Sicherheit sagen, dass Gevara Experten f\u00fcr Teilladungstransporte sind\" \/>\n<meta property=\"og:url\" content=\"https:\/\/gevara.lt\/de\/sammelguttransport\/\" \/>\n<meta property=\"og:site_name\" content=\"GEVARA\" \/>\n<meta property=\"article:modified_time\" content=\"2025-09-17T11:43:00+00:00\" \/>\n<meta name=\"twitter:card\" content=\"summary_large_image\" \/>\n<script type=\"application\/ld+json\" class=\"yoast-schema-graph\">{\"@context\":\"https:\/\/schema.org\",\"@graph\":[{\"@type\":\"WebPage\",\"@id\":\"https:\/\/gevara.lt\/de\/sammelguttransport\/\",\"url\":\"https:\/\/gevara.lt\/de\/sammelguttransport\/\",\"name\":\"Sammelguttransport | LTL | GEVARA\",\"isPartOf\":{\"@id\":\"https:\/\/gevara.lt\/#website\"},\"datePublished\":\"2022-07-19T08:44:32+00:00\",\"dateModified\":\"2025-09-17T11:43:00+00:00\",\"description\":\"Gevara ist eines der st\u00e4rksten Sammelguttransport in Litauen. \u00dcber 15 Jahre Erfahrung im Teilladungstransport \u2013 wir haben alle Nuancen des Teilladungstransports perfektioniert, sind auf verschiedene Probleme dieser Art des Ladungstransports gesto\u00dfen und haben sie gel\u00f6st, daher k\u00f6nnen wir mit Sicherheit sagen, dass Gevara Experten f\u00fcr Teilladungstransporte sind\",\"breadcrumb\":{\"@id\":\"https:\/\/gevara.lt\/de\/sammelguttransport\/#breadcrumb\"},\"inLanguage\":\"de\",\"potentialAction\":[{\"@type\":\"ReadAction\",\"target\":[\"https:\/\/gevara.lt\/de\/sammelguttransport\/\"]}]},{\"@type\":\"BreadcrumbList\",\"@id\":\"https:\/\/gevara.lt\/de\/sammelguttransport\/#breadcrumb\",\"itemListElement\":[{\"@type\":\"ListItem\",\"position\":1,\"name\":\"Home\",\"item\":\"https:\/\/gevara.lt\/de\/\"},{\"@type\":\"ListItem\",\"position\":2,\"name\":\"Sammelguttransport\"}]},{\"@type\":\"WebSite\",\"@id\":\"https:\/\/gevara.lt\/#website\",\"url\":\"https:\/\/gevara.lt\/\",\"name\":\"GEVARA\",\"description\":\"EXPERTS IN GROUPAGE CARGO TRANSPORTATION\",\"potentialAction\":[{\"@type\":\"SearchAction\",\"target\":{\"@type\":\"EntryPoint\",\"urlTemplate\":\"https:\/\/gevara.lt\/?s={search_term_string}\"},\"query-input\":{\"@type\":\"PropertyValueSpecification\",\"valueRequired\":true,\"valueName\":\"search_term_string\"}}],\"inLanguage\":\"de\"}]}<\/script>\n<!-- \/ Yoast SEO plugin. -->","yoast_head_json":{"title":"Sammelguttransport | LTL | GEVARA","description":"Gevara ist eines der st\u00e4rksten Sammelguttransport in Litauen. \u00dcber 15 Jahre Erfahrung im Teilladungstransport \u2013 wir haben alle Nuancen des Teilladungstransports perfektioniert, sind auf verschiedene Probleme dieser Art des Ladungstransports gesto\u00dfen und haben sie gel\u00f6st, daher k\u00f6nnen wir mit Sicherheit sagen, dass Gevara Experten f\u00fcr Teilladungstransporte sind","robots":{"index":"index","follow":"follow","max-snippet":"max-snippet:-1","max-image-preview":"max-image-preview:large","max-video-preview":"max-video-preview:-1"},"canonical":"https:\/\/gevara.lt\/de\/sammelguttransport\/","og_locale":"de_DE","og_type":"article","og_title":"Sammelguttransport | LTL | GEVARA","og_description":"Gevara ist eines der st\u00e4rksten Sammelguttransport in Litauen. \u00dcber 15 Jahre Erfahrung im Teilladungstransport \u2013 wir haben alle Nuancen des Teilladungstransports perfektioniert, sind auf verschiedene Probleme dieser Art des Ladungstransports gesto\u00dfen und haben sie gel\u00f6st, daher k\u00f6nnen wir mit Sicherheit sagen, dass Gevara Experten f\u00fcr Teilladungstransporte sind","og_url":"https:\/\/gevara.lt\/de\/sammelguttransport\/","og_site_name":"GEVARA","article_modified_time":"2025-09-17T11:43:00+00:00","twitter_card":"summary_large_image","schema":{"@context":"https:\/\/schema.org","@graph":[{"@type":"WebPage","@id":"https:\/\/gevara.lt\/de\/sammelguttransport\/","url":"https:\/\/gevara.lt\/de\/sammelguttransport\/","name":"Sammelguttransport | LTL | GEVARA","isPartOf":{"@id":"https:\/\/gevara.lt\/#website"},"datePublished":"2022-07-19T08:44:32+00:00","dateModified":"2025-09-17T11:43:00+00:00","description":"Gevara ist eines der st\u00e4rksten Sammelguttransport in Litauen. \u00dcber 15 Jahre Erfahrung im Teilladungstransport \u2013 wir haben alle Nuancen des Teilladungstransports perfektioniert, sind auf verschiedene Probleme dieser Art des Ladungstransports gesto\u00dfen und haben sie gel\u00f6st, daher k\u00f6nnen wir mit Sicherheit sagen, dass Gevara Experten f\u00fcr Teilladungstransporte sind","breadcrumb":{"@id":"https:\/\/gevara.lt\/de\/sammelguttransport\/#breadcrumb"},"inLanguage":"de","potentialAction":[{"@type":"ReadAction","target":["https:\/\/gevara.lt\/de\/sammelguttransport\/"]}]},{"@type":"BreadcrumbList","@id":"https:\/\/gevara.lt\/de\/sammelguttransport\/#breadcrumb","itemListElement":[{"@type":"ListItem","position":1,"name":"Home","item":"https:\/\/gevara.lt\/de\/"},{"@type":"ListItem","position":2,"name":"Sammelguttransport"}]},{"@type":"WebSite","@id":"https:\/\/gevara.lt\/#website","url":"https:\/\/gevara.lt\/","name":"GEVARA","description":"EXPERTS IN GROUPAGE CARGO TRANSPORTATION","potentialAction":[{"@type":"SearchAction","target":{"@type":"EntryPoint","urlTemplate":"https:\/\/gevara.lt\/?s={search_term_string}"},"query-input":{"@type":"PropertyValueSpecification","valueRequired":true,"valueName":"search_term_string"}}],"inLanguage":"de"}]}},"_links":{"self":[{"href":"https:\/\/gevara.lt\/de\/wp-json\/wp\/v2\/pages\/189","targetHints":{"allow":["GET"]}}],"collection":[{"href":"https:\/\/gevara.lt\/de\/wp-json\/wp\/v2\/pages"}],"about":[{"href":"https:\/\/gevara.lt\/de\/wp-json\/wp\/v2\/types\/page"}],"author":[{"embeddable":true,"href":"https:\/\/gevara.lt\/de\/wp-json\/wp\/v2\/users\/6"}],"replies":[{"embeddable":true,"href":"https:\/\/gevara.lt\/de\/wp-json\/wp\/v2\/comments?post=189"}],"version-history":[{"count":33,"href":"https:\/\/gevara.lt\/de\/wp-json\/wp\/v2\/pages\/189\/revisions"}],"predecessor-version":[{"id":5125,"href":"https:\/\/gevara.lt\/de\/wp-json\/wp\/v2\/pages\/189\/revisions\/5125"}],"wp:attachment":[{"href":"https:\/\/gevara.lt\/de\/wp-json\/wp\/v2\/media?parent=189"}],"curies":[{"name":"wp","href":"https:\/\/api.w.org\/{rel}","templated":true}]}}